{"id":503,"date":"2021-06-01T20:24:31","date_gmt":"2021-06-01T20:24:31","guid":{"rendered":"http:\/\/www.rodrigobetancursa.com\/blog\/?page_id=503"},"modified":"2024-08-15T19:23:48","modified_gmt":"2024-08-15T19:23:48","slug":"descarga-de-documentos","status":"publish","type":"page","link":"https:\/\/www.rodrigobetancursa.com\/blog\/?page_id=503","title":{"rendered":"Descarga de Documentos"},"content":{"rendered":"\n<p>Apreciado Cliente,<\/p>\n\n\n\n<p>para su comodidad hemos dise\u00f1ado un espacio exclusivo para la descarga de documentos, a trav\u00e9s del Enlace <strong>Zona Clientes<\/strong> usted puede visualizar y\/o descargar relaciones de pago, certificados y otros documentos.<\/p>\n\n\n\n<p><strong>Paso a Paso<\/strong><\/p>\n\n\n\n<p>Primero ingrese a nuestra pagina web\u00a0<a href=\"http:\/\/www.rodrigobetancursa.com\/\" target=\"_blank\" rel=\"noreferrer noopener\">www.rodrigobetancursa.com<\/a><br>en el men\u00fa  superior ingrese  en el enlace <strong> Clientes<\/strong><\/p>\n\n\n\n<figure class=\"wp-block-image size-large\"><img loading=\"lazy\" decoding=\"async\" width=\"1024\" height=\"130\" src=\"http:\/\/www.rodrigobetancursa.com\/blog\/wp-content\/uploads\/2024\/08\/image-1-1024x130.png\" alt=\"\" class=\"wp-image-915\" srcset=\"https:\/\/www.rodrigobetancursa.com\/blog\/wp-content\/uploads\/2024\/08\/image-1-1024x130.png 1024w, https:\/\/www.rodrigobetancursa.com\/blog\/wp-content\/uploads\/2024\/08\/image-1-300x38.png 300w, https:\/\/www.rodrigobetancursa.com\/blog\/wp-content\/uploads\/2024\/08\/image-1-768x98.png 768w, https:\/\/www.rodrigobetancursa.com\/blog\/wp-content\/uploads\/2024\/08\/image-1-640x81.png 640w, https:\/\/www.rodrigobetancursa.com\/blog\/wp-content\/uploads\/2024\/08\/image-1.png 1336w\" sizes=\"auto, (max-width: 1024px) 100vw, 1024px\" \/><\/figure>\n\n\n\n<p><br>Una vez all\u00ed, ubicarse en la columna de propietarios y dar click en el bot\u00f3n de ingreso a propietarios<\/p>\n\n\n\n<figure class=\"wp-block-image size-full is-resized\"><img loading=\"lazy\" decoding=\"async\" width=\"574\" height=\"191\" src=\"http:\/\/www.rodrigobetancursa.com\/blog\/wp-content\/uploads\/2024\/08\/image-2.png\" alt=\"\" class=\"wp-image-916\" style=\"width:441px;height:auto\" srcset=\"https:\/\/www.rodrigobetancursa.com\/blog\/wp-content\/uploads\/2024\/08\/image-2.png 574w, https:\/\/www.rodrigobetancursa.com\/blog\/wp-content\/uploads\/2024\/08\/image-2-300x100.png 300w\" sizes=\"auto, (max-width: 574px) 100vw, 574px\" \/><\/figure>\n\n\n\n<p>Se abre una ventana en la que le pide usuario y contrase\u00f1a, en la cual se debe ingresar sin puntos ni comas el numero de documento de identidad como usuario y la contrase\u00f1a son los \u00faltimos 4 d\u00edgitos del documento.<\/p>\n\n\n\n<figure class=\"wp-block-image size-full is-resized\"><img loading=\"lazy\" decoding=\"async\" width=\"814\" height=\"760\" src=\"http:\/\/www.rodrigobetancursa.com\/blog\/wp-content\/uploads\/2024\/08\/image-3.png\" alt=\"\" class=\"wp-image-917\" style=\"width:422px;height:auto\" srcset=\"https:\/\/www.rodrigobetancursa.com\/blog\/wp-content\/uploads\/2024\/08\/image-3.png 814w, https:\/\/www.rodrigobetancursa.com\/blog\/wp-content\/uploads\/2024\/08\/image-3-300x280.png 300w, https:\/\/www.rodrigobetancursa.com\/blog\/wp-content\/uploads\/2024\/08\/image-3-768x717.png 768w, https:\/\/www.rodrigobetancursa.com\/blog\/wp-content\/uploads\/2024\/08\/image-3-640x598.png 640w\" sizes=\"auto, (max-width: 814px) 100vw, 814px\" \/><\/figure>\n\n\n\n<p>Por seguridad se recomienda cambio de clave.<\/p>\n\n\n\n<p><\/p>\n\n\n\n<p>Una vez ingresado ya puede  visualizar o descargar sus documentos de pago y las facturas emitidas a la DIAN.<\/p>\n\n\n\n<figure class=\"wp-block-image size-large is-resized\"><img loading=\"lazy\" decoding=\"async\" width=\"1024\" height=\"691\" src=\"http:\/\/www.rodrigobetancursa.com\/blog\/wp-content\/uploads\/2024\/08\/image-4-1024x691.png\" alt=\"\" class=\"wp-image-918\" style=\"width:630px;height:auto\" srcset=\"https:\/\/www.rodrigobetancursa.com\/blog\/wp-content\/uploads\/2024\/08\/image-4-1024x691.png 1024w, https:\/\/www.rodrigobetancursa.com\/blog\/wp-content\/uploads\/2024\/08\/image-4-300x202.png 300w, https:\/\/www.rodrigobetancursa.com\/blog\/wp-content\/uploads\/2024\/08\/image-4-768x518.png 768w, https:\/\/www.rodrigobetancursa.com\/blog\/wp-content\/uploads\/2024\/08\/image-4-640x432.png 640w, https:\/\/www.rodrigobetancursa.com\/blog\/wp-content\/uploads\/2024\/08\/image-4.png 1026w\" sizes=\"auto, (max-width: 1024px) 100vw, 1024px\" \/><\/figure>\n\n\n\n<p><\/p>\n\n\n\n<p class=\"has-text-align-center\"><strong>si presenta alg\u00fan inconveniente con su acceso por favor escribirnos al correo electr\u00f3nico &nbsp;<a rel=\"noreferrer noopener\" href=\"mailto:INFO@RODRIGOBETANCURSA.COM\" target=\"_blank\">INFO@RODRIGOBETANCURSA.COM<\/a><\/strong><\/p>\n","protected":false},"excerpt":{"rendered":"<p>Apreciado Cliente, para su comodidad hemos dise\u00f1ado un espacio exclusivo para la descarga de documentos, a trav\u00e9s del Enlace Zona Clientes usted puede visualizar y\/o descargar relaciones de pago, certificados y otros documentos. Paso a Paso Primero ingrese a nuestra pagina web\u00a0www.rodrigobetancursa.comen el men\u00fa superior ingrese en el enlace Clientes Una vez all\u00ed, ubicarse en [&hellip;]<\/p>\n","protected":false},"author":1,"featured_media":0,"parent":0,"menu_order":0,"comment_status":"closed","ping_status":"closed","template":"","meta":{"footnotes":""},"class_list":["post-503","page","type-page","status-publish","hentry"],"_links":{"self":[{"href":"https:\/\/www.rodrigobetancursa.com\/blog\/index.php?rest_route=\/wp\/v2\/pages\/503","targetHints":{"allow":["GET"]}}],"collection":[{"href":"https:\/\/www.rodrigobetancursa.com\/blog\/index.php?rest_route=\/wp\/v2\/pages"}],"about":[{"href":"https:\/\/www.rodrigobetancursa.com\/blog\/index.php?rest_route=\/wp\/v2\/types\/page"}],"author":[{"embeddable":true,"href":"https:\/\/www.rodrigobetancursa.com\/blog\/index.php?rest_route=\/wp\/v2\/users\/1"}],"replies":[{"embeddable":true,"href":"https:\/\/www.rodrigobetancursa.com\/blog\/index.php?rest_route=%2Fwp%2Fv2%2Fcomments&post=503"}],"version-history":[{"count":6,"href":"https:\/\/www.rodrigobetancursa.com\/blog\/index.php?rest_route=\/wp\/v2\/pages\/503\/revisions"}],"predecessor-version":[{"id":919,"href":"https:\/\/www.rodrigobetancursa.com\/blog\/index.php?rest_route=\/wp\/v2\/pages\/503\/revisions\/919"}],"wp:attachment":[{"href":"https:\/\/www.rodrigobetancursa.com\/blog\/index.php?rest_route=%2Fwp%2Fv2%2Fmedia&parent=503"}],"curies":[{"name":"wp","href":"https:\/\/api.w.org\/{rel}","templated":true}]}}