{"id":415,"date":"2020-03-26T12:15:41","date_gmt":"2020-03-26T12:15:41","guid":{"rendered":"http:\/\/www.rodrigobetancursa.com\/blog\/?page_id=415"},"modified":"2025-01-20T00:49:06","modified_gmt":"2025-01-20T00:49:06","slug":"arrendatarios","status":"publish","type":"page","link":"https:\/\/www.rodrigobetancursa.com\/blog\/?page_id=415","title":{"rendered":"Arrendatarios"},"content":{"rendered":"\n<figure class=\"wp-block-image size-large\"><img loading=\"lazy\" decoding=\"async\" width=\"791\" height=\"1024\" src=\"http:\/\/www.rodrigobetancursa.com\/blog\/wp-content\/uploads\/2023\/06\/politicas-cartera.1-791x1024.jpg\" alt=\"\" class=\"wp-image-744\" srcset=\"https:\/\/www.rodrigobetancursa.com\/blog\/wp-content\/uploads\/2023\/06\/politicas-cartera.1-791x1024.jpg 791w, https:\/\/www.rodrigobetancursa.com\/blog\/wp-content\/uploads\/2023\/06\/politicas-cartera.1-232x300.jpg 232w, https:\/\/www.rodrigobetancursa.com\/blog\/wp-content\/uploads\/2023\/06\/politicas-cartera.1-768x994.jpg 768w, https:\/\/www.rodrigobetancursa.com\/blog\/wp-content\/uploads\/2023\/06\/politicas-cartera.1-1187x1536.jpg 1187w, https:\/\/www.rodrigobetancursa.com\/blog\/wp-content\/uploads\/2023\/06\/politicas-cartera.1-1583x2048.jpg 1583w, https:\/\/www.rodrigobetancursa.com\/blog\/wp-content\/uploads\/2023\/06\/politicas-cartera.1-660x854.jpg 660w, https:\/\/www.rodrigobetancursa.com\/blog\/wp-content\/uploads\/2023\/06\/politicas-cartera.1-scaled.jpg 1978w\" sizes=\"auto, (max-width: 791px) 100vw, 791px\" \/><\/figure>\n\n\n\n<figure class=\"wp-block-image size-large\"><img loading=\"lazy\" decoding=\"async\" width=\"791\" height=\"1024\" src=\"http:\/\/www.rodrigobetancursa.com\/blog\/wp-content\/uploads\/2023\/06\/POLITICAS-GESTION-CARTERA.2-791x1024.jpg\" alt=\"\" class=\"wp-image-747\" srcset=\"https:\/\/www.rodrigobetancursa.com\/blog\/wp-content\/uploads\/2023\/06\/POLITICAS-GESTION-CARTERA.2-791x1024.jpg 791w, https:\/\/www.rodrigobetancursa.com\/blog\/wp-content\/uploads\/2023\/06\/POLITICAS-GESTION-CARTERA.2-232x300.jpg 232w, https:\/\/www.rodrigobetancursa.com\/blog\/wp-content\/uploads\/2023\/06\/POLITICAS-GESTION-CARTERA.2-768x994.jpg 768w, https:\/\/www.rodrigobetancursa.com\/blog\/wp-content\/uploads\/2023\/06\/POLITICAS-GESTION-CARTERA.2-1187x1536.jpg 1187w, https:\/\/www.rodrigobetancursa.com\/blog\/wp-content\/uploads\/2023\/06\/POLITICAS-GESTION-CARTERA.2-1583x2048.jpg 1583w, https:\/\/www.rodrigobetancursa.com\/blog\/wp-content\/uploads\/2023\/06\/POLITICAS-GESTION-CARTERA.2-660x854.jpg 660w, https:\/\/www.rodrigobetancursa.com\/blog\/wp-content\/uploads\/2023\/06\/POLITICAS-GESTION-CARTERA.2-scaled.jpg 1978w\" sizes=\"auto, (max-width: 791px) 100vw, 791px\" \/><\/figure>\n\n\n\n<p class=\"has-large-font-size\"> <strong>Recuerde que pagar por PSE es m\u00e1s c\u00f3modo, f\u00e1cil y r\u00e1pido<\/strong>.<\/p>\n\n\n\n<figure class=\"wp-block-image size-full is-resized\"><img loading=\"lazy\" decoding=\"async\" width=\"303\" height=\"551\" src=\"https:\/\/www.rodrigobetancursa.com\/blog\/wp-content\/uploads\/2025\/01\/image-4.png\" alt=\"\" class=\"wp-image-954\" style=\"width:429px;height:auto\" srcset=\"https:\/\/www.rodrigobetancursa.com\/blog\/wp-content\/uploads\/2025\/01\/image-4.png 303w, https:\/\/www.rodrigobetancursa.com\/blog\/wp-content\/uploads\/2025\/01\/image-4-165x300.png 165w\" sizes=\"auto, (max-width: 303px) 100vw, 303px\" \/><\/figure>\n\n\n\n<p class=\"has-large-font-size\"><\/p>\n","protected":false},"excerpt":{"rendered":"<p>Recuerde que pagar por PSE es m\u00e1s c\u00f3modo, f\u00e1cil y r\u00e1pido.<\/p>\n","protected":false},"author":1,"featured_media":0,"parent":0,"menu_order":0,"comment_status":"closed","ping_status":"closed","template":"","meta":{"footnotes":""},"class_list":["post-415","page","type-page","status-publish","hentry"],"_links":{"self":[{"href":"https:\/\/www.rodrigobetancursa.com\/blog\/index.php?rest_route=\/wp\/v2\/pages\/415","targetHints":{"allow":["GET"]}}],"collection":[{"href":"https:\/\/www.rodrigobetancursa.com\/blog\/index.php?rest_route=\/wp\/v2\/pages"}],"about":[{"href":"https:\/\/www.rodrigobetancursa.com\/blog\/index.php?rest_route=\/wp\/v2\/types\/page"}],"author":[{"embeddable":true,"href":"https:\/\/www.rodrigobetancursa.com\/blog\/index.php?rest_route=\/wp\/v2\/users\/1"}],"replies":[{"embeddable":true,"href":"https:\/\/www.rodrigobetancursa.com\/blog\/index.php?rest_route=%2Fwp%2Fv2%2Fcomments&post=415"}],"version-history":[{"count":6,"href":"https:\/\/www.rodrigobetancursa.com\/blog\/index.php?rest_route=\/wp\/v2\/pages\/415\/revisions"}],"predecessor-version":[{"id":955,"href":"https:\/\/www.rodrigobetancursa.com\/blog\/index.php?rest_route=\/wp\/v2\/pages\/415\/revisions\/955"}],"wp:attachment":[{"href":"https:\/\/www.rodrigobetancursa.com\/blog\/index.php?rest_route=%2Fwp%2Fv2%2Fmedia&parent=415"}],"curies":[{"name":"wp","href":"https:\/\/api.w.org\/{rel}","templated":true}]}}