{"id":156,"date":"2018-09-07T14:34:38","date_gmt":"2018-09-07T14:34:38","guid":{"rendered":"http:\/\/www.rodrigobetancursa.com\/blog\/?page_id=156"},"modified":"2018-10-10T19:07:27","modified_gmt":"2018-10-10T19:07:27","slug":"hipotecas","status":"publish","type":"page","link":"https:\/\/www.rodrigobetancursa.com\/blog\/?page_id=156","title":{"rendered":"Hipotecas"},"content":{"rendered":"<p><a href=\"http:\/\/www.rodrigobetancursa.com\/blog\/wp-content\/uploads\/2018\/09\/hipotecas.jpg\"><img loading=\"lazy\" decoding=\"async\" class=\"size-full wp-image-113 alignleft\" src=\"http:\/\/www.rodrigobetancursa.com\/blog\/wp-content\/uploads\/2018\/09\/hipotecas.jpg\" alt=\"\" width=\"235\" height=\"225\" \/><\/a><\/p>\n<p><strong>Cuales son los requisitos para prestar dinero en hipoteca?<\/strong><br \/>\nQue su propiedad no est\u00e9 en proceso de embargo, afectada a patrimonio de familia con hijo menor de edad, en proceso de sucesi\u00f3n, o si alguno de los propietarios no esta dispuesto a firmar la hipoteca.<\/p>\n<p>Que el pr\u00e9stamo no supere el 30% del valor comercial del inmueble.<br \/>\nQue el inmueble NO se encuentre en zonas de dif\u00edcil acceso, en malas condiciones, zonas de riesgo ambiental o zonas de riesgo social.<br \/>\nLa mayor\u00eda de prestamos que hacemos son al 2% mensual anticipado sobre el valor total prestado, los prestamos son por lo general a 1 a\u00f1o prorrogable, los cuales no tienen abono a la deuda del capital \u00f3sea que este se cancela en su totalidad al final del periodo pactado.<br \/>\nNosotros cobramos una comisi\u00f3n del 3% sobre el monto total prestado y la persona beneficiaria del pr\u00e9stamo debe asumir todos los gastos de constituci\u00f3n y cancelaci\u00f3n de la hipoteca ante la notar\u00eda y posterior registro en instrumentos p\u00fablicos. estas condiciones pueden variar dependiendo de la persona que preste el dinero.<\/p>\n<p><strong>Tengo capital, cual es el procedimiento para prestar en hipoteca?<\/strong><br \/>\nPonerse en contacto con nuestro asesor encargado y suministrarle un numero telef\u00f3nico de contacto y el monto y las condiciones que usted tiene para efectuar el pr\u00e9stamo.<br \/>\nNosotros solo cobramos el 3% de comisi\u00f3n a la persona beneficiaria del pr\u00e9stamo.<br \/>\nNosotros no asumimos la responsabilidad sobre el no pago de los intereses ni nos comprometemos en recibir el dinero mensualmente y tampoco asumimos la responsabilidad sobre el proceso de remate del inmueble en caso del no pago de las obligaciones por parte del beneficiario del pr\u00e9stamo, para lo cual usted debe recurrir a un abogado que adelante el caso ante un juez y los honorarios del mismo ser\u00e1n adicionados a la deuda y los intereses no cancelados.<\/p>\n","protected":false},"excerpt":{"rendered":"<p>Cuales son los requisitos para prestar dinero en hipoteca? Que su propiedad no est\u00e9 en proceso de embargo, afectada a patrimonio de familia con hijo menor de edad, en proceso de sucesi\u00f3n, o si alguno de los propietarios no esta dispuesto a firmar la hipoteca. Que el pr\u00e9stamo no supere el 30% del valor comercial [&hellip;]<\/p>\n","protected":false},"author":1,"featured_media":0,"parent":105,"menu_order":0,"comment_status":"closed","ping_status":"closed","template":"","meta":{"footnotes":""},"class_list":["post-156","page","type-page","status-publish","hentry"],"_links":{"self":[{"href":"https:\/\/www.rodrigobetancursa.com\/blog\/index.php?rest_route=\/wp\/v2\/pages\/156","targetHints":{"allow":["GET"]}}],"collection":[{"href":"https:\/\/www.rodrigobetancursa.com\/blog\/index.php?rest_route=\/wp\/v2\/pages"}],"about":[{"href":"https:\/\/www.rodrigobetancursa.com\/blog\/index.php?rest_route=\/wp\/v2\/types\/page"}],"author":[{"embeddable":true,"href":"https:\/\/www.rodrigobetancursa.com\/blog\/index.php?rest_route=\/wp\/v2\/users\/1"}],"replies":[{"embeddable":true,"href":"https:\/\/www.rodrigobetancursa.com\/blog\/index.php?rest_route=%2Fwp%2Fv2%2Fcomments&post=156"}],"version-history":[{"count":2,"href":"https:\/\/www.rodrigobetancursa.com\/blog\/index.php?rest_route=\/wp\/v2\/pages\/156\/revisions"}],"predecessor-version":[{"id":192,"href":"https:\/\/www.rodrigobetancursa.com\/blog\/index.php?rest_route=\/wp\/v2\/pages\/156\/revisions\/192"}],"up":[{"embeddable":true,"href":"https:\/\/www.rodrigobetancursa.com\/blog\/index.php?rest_route=\/wp\/v2\/pages\/105"}],"wp:attachment":[{"href":"https:\/\/www.rodrigobetancursa.com\/blog\/index.php?rest_route=%2Fwp%2Fv2%2Fmedia&parent=156"}],"curies":[{"name":"wp","href":"https:\/\/api.w.org\/{rel}","templated":true}]}}