{"id":123,"date":"2018-09-07T02:29:02","date_gmt":"2018-09-07T02:29:02","guid":{"rendered":"http:\/\/www.rodrigobetancursa.com\/blog\/?page_id=123"},"modified":"2018-09-07T16:58:15","modified_gmt":"2018-09-07T16:58:15","slug":"ventas","status":"publish","type":"page","link":"https:\/\/www.rodrigobetancursa.com\/blog\/?page_id=123","title":{"rendered":"Ventas"},"content":{"rendered":"<p><a href=\"http:\/\/www.rodrigobetancursa.com\/blog\/wp-content\/uploads\/2018\/09\/ventas.jpg\"><img loading=\"lazy\" decoding=\"async\" class=\"size-full wp-image-115 alignleft\" src=\"http:\/\/www.rodrigobetancursa.com\/blog\/wp-content\/uploads\/2018\/09\/ventas.jpg\" alt=\"\" width=\"225\" height=\"225\" srcset=\"https:\/\/www.rodrigobetancursa.com\/blog\/wp-content\/uploads\/2018\/09\/ventas.jpg 225w, https:\/\/www.rodrigobetancursa.com\/blog\/wp-content\/uploads\/2018\/09\/ventas-150x150.jpg 150w\" sizes=\"auto, (max-width: 225px) 100vw, 225px\" \/><\/a><\/p>\n<p><strong>\u00bfTengo un inmueble para vender, Rodrigo Betancur S.A. lo gestiona?<\/strong><br \/>\nPor supuesto, es necesario para la promoci\u00f3n la\u00a0\u00a0informaci\u00f3n completa del inmueble: direcci\u00f3n, comodidades\u00a0\u00a0de la propiedad y del conjunto donde se encuentre, valor,\u00a0 estrato, valor del predial, aval\u00fao catastral,\u00a0\u00a0administraci\u00f3n.<br \/>\nIdeal para obtener r\u00e1pidos y mejores resultados, buenas\u00a0\u00a0fotograf\u00edas, colocarle nuestros avisos en sitio visible y\u00a0\u00a0llaves para poder acceder al inmueble con las personas interesadas.<br \/>\nPara el momento de la venta se necesitan el certificado de tradici\u00f3n reciente, copia de escritura, paz y salvos\u00a0 de predial, valorizaci\u00f3n y administraci\u00f3n (si se paga por<br \/>\nesta).<br \/>\nNosotros cobramos de comisi\u00f3n el 3% en caso de\u00a0 conseguirle cliente para el inmueble y los acompa\u00f1amos en todo el proceso de negociaci\u00f3n y cierre de la venta.<\/p>\n<p><strong>\u00bfQuiero comprar un inmueble que pertenece a su\u00a0 inventario, cual es el procedimiento?<\/strong><br \/>\nLo primero es contactarnos para que uno de nuestros promotores le confirme la disponibilidad y el valor, ya<br \/>\nque los propietarios continuamente lo est\u00e1n variando y\u00a0\u00a0como recurren a muchas inmobiliarias y asesores para su<br \/>\npromoci\u00f3n, los inmuebles pueden no estar disponibles de\u00a0\u00a0un d\u00eda para otro.<br \/>\nLuego lo ideal ser\u00eda hacer una cita para visitarlo y\u00a0\u00a0estar seguro de que cumple con sus expectativas.<br \/>\nY por \u00faltimo pasar una oferta econ\u00f3mica y como ser\u00eda la\u00a0\u00a0forma de pago (de contado o por cr\u00e9dito bancario).<br \/>\nHacer un contrato de promesa de compraventa con las\u00a0\u00a0condiciones pactadas como fechas, formas de pago, lugar<br \/>\npara la firma de escritura, etc. (ese contrato lo hacemos\u00a0\u00a0sin ning\u00fan costo) y posterior mente la escritura que se<br \/>\npuede hacer sin necesidad de promesa en caso de que sea\u00a0\u00a0una venta de contado y ninguna de las partes necesite un<br \/>\nsoporte adicional de la negociaci\u00f3n.<\/p>\n","protected":false},"excerpt":{"rendered":"<p>\u00bfTengo un inmueble para vender, Rodrigo Betancur S.A. lo gestiona? Por supuesto, es necesario para la promoci\u00f3n la\u00a0\u00a0informaci\u00f3n completa del inmueble: direcci\u00f3n, comodidades\u00a0\u00a0de la propiedad y del conjunto donde se encuentre, valor,\u00a0 estrato, valor del predial, aval\u00fao catastral,\u00a0\u00a0administraci\u00f3n. Ideal para obtener r\u00e1pidos y mejores resultados, buenas\u00a0\u00a0fotograf\u00edas, colocarle nuestros avisos en sitio visible y\u00a0\u00a0llaves para poder [&hellip;]<\/p>\n","protected":false},"author":1,"featured_media":0,"parent":105,"menu_order":0,"comment_status":"closed","ping_status":"closed","template":"","meta":{"footnotes":""},"class_list":["post-123","page","type-page","status-publish","hentry"],"_links":{"self":[{"href":"https:\/\/www.rodrigobetancursa.com\/blog\/index.php?rest_route=\/wp\/v2\/pages\/123","targetHints":{"allow":["GET"]}}],"collection":[{"href":"https:\/\/www.rodrigobetancursa.com\/blog\/index.php?rest_route=\/wp\/v2\/pages"}],"about":[{"href":"https:\/\/www.rodrigobetancursa.com\/blog\/index.php?rest_route=\/wp\/v2\/types\/page"}],"author":[{"embeddable":true,"href":"https:\/\/www.rodrigobetancursa.com\/blog\/index.php?rest_route=\/wp\/v2\/users\/1"}],"replies":[{"embeddable":true,"href":"https:\/\/www.rodrigobetancursa.com\/blog\/index.php?rest_route=%2Fwp%2Fv2%2Fcomments&post=123"}],"version-history":[{"count":3,"href":"https:\/\/www.rodrigobetancursa.com\/blog\/index.php?rest_route=\/wp\/v2\/pages\/123\/revisions"}],"predecessor-version":[{"id":176,"href":"https:\/\/www.rodrigobetancursa.com\/blog\/index.php?rest_route=\/wp\/v2\/pages\/123\/revisions\/176"}],"up":[{"embeddable":true,"href":"https:\/\/www.rodrigobetancursa.com\/blog\/index.php?rest_route=\/wp\/v2\/pages\/105"}],"wp:attachment":[{"href":"https:\/\/www.rodrigobetancursa.com\/blog\/index.php?rest_route=%2Fwp%2Fv2%2Fmedia&parent=123"}],"curies":[{"name":"wp","href":"https:\/\/api.w.org\/{rel}","templated":true}]}}