{"id":110,"date":"2018-09-07T02:22:53","date_gmt":"2018-09-07T02:22:53","guid":{"rendered":"http:\/\/www.rodrigobetancursa.com\/blog\/?page_id=110"},"modified":"2018-09-07T16:46:09","modified_gmt":"2018-09-07T16:46:09","slug":"arrendamientos","status":"publish","type":"page","link":"https:\/\/www.rodrigobetancursa.com\/blog\/?page_id=110","title":{"rendered":"Arrendamientos"},"content":{"rendered":"<p><a href=\"http:\/\/www.rodrigobetancursa.com\/blog\/wp-content\/uploads\/2018\/09\/arrtos.jpg\"><img loading=\"lazy\" decoding=\"async\" class=\"size-full wp-image-111 alignleft\" src=\"http:\/\/www.rodrigobetancursa.com\/blog\/wp-content\/uploads\/2018\/09\/arrtos.jpg\" alt=\"\" width=\"225\" height=\"225\" srcset=\"https:\/\/www.rodrigobetancursa.com\/blog\/wp-content\/uploads\/2018\/09\/arrtos.jpg 225w, https:\/\/www.rodrigobetancursa.com\/blog\/wp-content\/uploads\/2018\/09\/arrtos-150x150.jpg 150w\" sizes=\"auto, (max-width: 225px) 100vw, 225px\" \/><\/a><\/p>\n<p><strong>Necesito presentar propiedad ra\u00edz?<br \/>\n<\/strong>Si el canon de arrendamiento es mayor a $1.250.000 debe presentarla.<\/p>\n<p><strong>Puedo hacer efectiva la aprobaci\u00f3n con otra inmobiliaria? (sino me acomodo con los inmuebles que ustedes me ofrecen)<br \/>\n<\/strong>Si<\/p>\n<p><strong>Ofrecen la opci\u00f3n del CDT?<br \/>\n<\/strong>Si, va desde 6 canones de arrendamiento en adelante.<\/p>\n<p><strong>Tienen limite de edad para arrendar?<br \/>\n<\/strong> No, desde que la persona est\u00e9 con todas sus facultades mentales para contestar la entrevista telef\u00f3nica.<\/p>\n<p><strong>Se pueden presentar 2 pensionados?<br \/>\n<\/strong>Solo se acepta 1 pensionado.<\/p>\n<p><strong>Sino doblamos el canon podemos sumar ingresos?<\/strong><br \/>\nSI, diligencian solicitud cada uno y anexan documentaci\u00f3n.<\/p>\n<p><strong>Cuanto tiempo de vigencia tiene la aprobaci\u00f3n?<\/strong><br \/>\nM\u00e1ximo 3 meses.<\/p>\n<p><strong>Me puedo presentar yo solo?<\/strong><br \/>\nCon la opci\u00f3n del CDT, sujeto a estudio.<\/p>\n<p><strong>Arriendan amoblados?<\/strong><br \/>\nNo.<\/p>\n","protected":false},"excerpt":{"rendered":"<p>Necesito presentar propiedad ra\u00edz? Si el canon de arrendamiento es mayor a $1.250.000 debe presentarla. Puedo hacer efectiva la aprobaci\u00f3n con otra inmobiliaria? (sino me acomodo con los inmuebles que ustedes me ofrecen) Si Ofrecen la opci\u00f3n del CDT? Si, va desde 6 canones de arrendamiento en adelante. Tienen limite de edad para arrendar? No, [&hellip;]<\/p>\n","protected":false},"author":1,"featured_media":0,"parent":105,"menu_order":1,"comment_status":"closed","ping_status":"closed","template":"","meta":{"footnotes":""},"class_list":["post-110","page","type-page","status-publish","hentry"],"_links":{"self":[{"href":"https:\/\/www.rodrigobetancursa.com\/blog\/index.php?rest_route=\/wp\/v2\/pages\/110","targetHints":{"allow":["GET"]}}],"collection":[{"href":"https:\/\/www.rodrigobetancursa.com\/blog\/index.php?rest_route=\/wp\/v2\/pages"}],"about":[{"href":"https:\/\/www.rodrigobetancursa.com\/blog\/index.php?rest_route=\/wp\/v2\/types\/page"}],"author":[{"embeddable":true,"href":"https:\/\/www.rodrigobetancursa.com\/blog\/index.php?rest_route=\/wp\/v2\/users\/1"}],"replies":[{"embeddable":true,"href":"https:\/\/www.rodrigobetancursa.com\/blog\/index.php?rest_route=%2Fwp%2Fv2%2Fcomments&post=110"}],"version-history":[{"count":4,"href":"https:\/\/www.rodrigobetancursa.com\/blog\/index.php?rest_route=\/wp\/v2\/pages\/110\/revisions"}],"predecessor-version":[{"id":171,"href":"https:\/\/www.rodrigobetancursa.com\/blog\/index.php?rest_route=\/wp\/v2\/pages\/110\/revisions\/171"}],"up":[{"embeddable":true,"href":"https:\/\/www.rodrigobetancursa.com\/blog\/index.php?rest_route=\/wp\/v2\/pages\/105"}],"wp:attachment":[{"href":"https:\/\/www.rodrigobetancursa.com\/blog\/index.php?rest_route=%2Fwp%2Fv2%2Fmedia&parent=110"}],"curies":[{"name":"wp","href":"https:\/\/api.w.org\/{rel}","templated":true}]}}